{"id":52,"date":"2025-04-16T17:45:56","date_gmt":"2025-04-16T15:45:56","guid":{"rendered":"https:\/\/sibilski.de\/ro\/?page_id=52"},"modified":"2025-11-02T18:33:19","modified_gmt":"2025-11-02T17:33:19","slug":"urgente-inlocuire","status":"publish","type":"page","link":"https:\/\/sibilski.de\/ro\/urgente-inlocuire\/","title":{"rendered":"Urgen\u021be \/ \u00cenlocuire"},"content":{"rendered":"\n<h3 class=\"wp-block-heading\">Pericol vital:<\/h3>\n\n\n\n<p><strong>TEL 112<\/strong> \u2013 \u00cen caz de dureri toracice, s\u00e2nger\u0103ri puternice, paralizii subite, dureri foarte puternice de cap sau de burt\u0103<\/p>\n\n\n\n<h3 class=\"wp-block-heading\">Urgen\u021b\u0103 \u00een pauza de pr\u00e2nz \u00eentre orele 12:00 \u0219i 15:00:<\/h3>\n\n\n\n<p><strong>TEL 0151\/46120843<\/strong> \u2013 sau s\u0103 fi\u021bi conecta\u021bi prin centrala telefonic\u0103 (\u201eDr\u00fccken Sie die 2&#8243;)<\/p>\n\n\n\n<h3 class=\"wp-block-heading\">\u00cen weekend, de s\u0103rb\u0103tori \u0219i \u00een zilele lucr\u0103toare dup\u0103 ora 18:00:<\/h3>\n\n\n\n<p>Serviciul de gard\u0103 al asigur\u0103rilor de s\u0103n\u0103tate (<strong>\u00c4rztlicher Bereitschaftsdienst &#8211; 116117<\/strong>) ne \u00eenlocuie\u0219te la loca\u021biile <strong>Kreiskliniken Reutlingen<\/strong><strong> \u0219i Ehingen<\/strong>. <\/p>\n\n\n\n<p><strong>TEL 116117<\/strong> \u2013 Nu este necesar\u0103 o programare pentru a vizita centrele de gard\u0103. Pute\u021bi suna pentru sfaturi medicale sau vizite la domiciliu.<\/p>\n\n\n\n<p><strong>docdirekt<\/strong> \u2013 consulta\u021bie online oferit\u0103 gratuit persoanelor asigurate \u00een sistemul public de s\u0103n\u0103tate din Baden-W\u00fcrttemberg, pentru consiliere medical\u0103 la distan\u021b\u0103 \u00een cazul unor probleme de s\u0103n\u0103tate. Prin 116117 sau aplica\u021bia docdirekt. Vezi <a href=\"https:\/\/www.docdirekt.de\/start\" target=\"_blank\" rel=\"noreferrer noopener nofollow\">https:\/\/www.docdirekt.de\/start<\/a><\/p>\n\n\n\n<hr class=\"wp-block-separator has-alpha-channel-opacity\"\/>\n\n\n\n<h3 class=\"wp-block-heading\">Notfallpraxis Reutlingen, Spitalul Klinikum am Steinenberg<\/h3>\n\n\n\n<p>Steinenbergstr. 31<br>72764 Reutlingen<\/p>\n\n\n\n<p><strong>Program de func\u021bionare:<\/strong><br>Luni \u2013 Vineri: 18:00 \u2013 22:00<br>S\u00e2mb\u0103t\u0103, Duminic\u0103, S\u0103rb\u0103tori legale: 08:00 \u2013 22:00<\/p>\n\n\n\n<h3 class=\"wp-block-heading\">Notfallpraxis Ehingen, Alb-Donau Klinikum und Gesundheitszentrum Ehingen<\/h3>\n\n\n\n<p>Spitalstr. 29<br>89584 Ehingen<\/p>\n\n\n\n<p><strong>Program de func\u021bionare:<\/strong><br>S\u00e2mb\u0103t\u0103, Duminic\u0103, S\u0103rb\u0103tori legale: 08:00 &#8211; 18:00<\/p>\n\n\n\n<h3 class=\"wp-block-heading\">Notfallpraxis M\u00fcnsingen, Albklinik M\u00fcnsingen<\/h3>\n\n\n\n<p>\u00cenchis din octombrie 2025!<\/p>\n","protected":false},"excerpt":{"rendered":"<p>Pericol vital: TEL 112 \u2013 \u00cen caz de dureri toracice, s\u00e2nger\u0103ri puternice, paralizii subite, dureri foarte puternice de cap sau de burt\u0103 Urgen\u021b\u0103 \u00een pauza de pr\u00e2nz \u00eentre orele 12:00 \u0219i 15:00: TEL 0151\/46120843 \u2013 sau s\u0103 fi\u021bi conecta\u021bi prin centrala telefonic\u0103 (\u201eDr\u00fccken Sie die 2&#8243;) \u00cen weekend, de s\u0103rb\u0103tori \u0219i \u00een zilele lucr\u0103toare dup\u0103 [&hellip;]<\/p>\n","protected":false},"author":1,"featured_media":0,"parent":0,"menu_order":0,"comment_status":"closed","ping_status":"closed","template":"","meta":{"footnotes":""},"class_list":["post-52","page","type-page","status-publish","hentry"],"_links":{"self":[{"href":"https:\/\/sibilski.de\/ro\/wp-json\/wp\/v2\/pages\/52","targetHints":{"allow":["GET"]}}],"collection":[{"href":"https:\/\/sibilski.de\/ro\/wp-json\/wp\/v2\/pages"}],"about":[{"href":"https:\/\/sibilski.de\/ro\/wp-json\/wp\/v2\/types\/page"}],"author":[{"embeddable":true,"href":"https:\/\/sibilski.de\/ro\/wp-json\/wp\/v2\/users\/1"}],"replies":[{"embeddable":true,"href":"https:\/\/sibilski.de\/ro\/wp-json\/wp\/v2\/comments?post=52"}],"version-history":[{"count":8,"href":"https:\/\/sibilski.de\/ro\/wp-json\/wp\/v2\/pages\/52\/revisions"}],"predecessor-version":[{"id":120,"href":"https:\/\/sibilski.de\/ro\/wp-json\/wp\/v2\/pages\/52\/revisions\/120"}],"wp:attachment":[{"href":"https:\/\/sibilski.de\/ro\/wp-json\/wp\/v2\/media?parent=52"}],"curies":[{"name":"wp","href":"https:\/\/api.w.org\/{rel}","templated":true}]}}