{"id":49,"date":"2025-04-16T17:39:32","date_gmt":"2025-04-16T15:39:32","guid":{"rendered":"https:\/\/sibilski.de\/ro\/?page_id=49"},"modified":"2025-04-22T17:54:17","modified_gmt":"2025-04-22T15:54:17","slug":"servicii","status":"publish","type":"page","link":"https:\/\/sibilski.de\/ro\/servicii\/","title":{"rendered":"Servicii"},"content":{"rendered":"\n<p><strong>Echipamente medicale<\/strong><\/p>\n\n\n\n<ul class=\"wp-block-list\">\n<li>ECG<\/li>\n\n\n\n<li>ECG de lung\u0103 durat\u0103<\/li>\n\n\n\n<li>ECG de efort (ergometrie)<\/li>\n\n\n\n<li>Spirometrie (func\u021bie pulmonar\u0103)<\/li>\n\n\n\n<li>Ecografie (abdomen, tiroid\u0103)<\/li>\n\n\n\n<li>Terapie cu curen\u021bi interferen\u021biali<\/li>\n\n\n\n<li>Dispozitiv pentru sp\u0103larea urechii<\/li>\n<\/ul>\n\n\n\n<p><strong>Software modern de cabinet \u0219i mijloace de comunicare<\/strong><\/p>\n\n\n\n<p>Cu T2MED suntem \u00een pas cu toate dezvolt\u0103rile moderne. Beneficia\u021bi de programarea online a consulta\u021biilor, comunicare \u0219i acces la dosarul dumneavoastr\u0103 medical prin aplica\u021bia pentru smartphone <strong>PAT-MED<\/strong>, precum \u0219i de posibilitatea comunic\u0103rii prin email securizat folosind criptare <strong>PGP<\/strong> sau <strong>S\/MIME<\/strong>.<\/p>\n\n\n\n<p><strong>Chirurgie minor\u0103<\/strong><\/p>\n\n\n\n<p>\u00cendep\u0103rt\u0103m aluni\u021be suspecte sau excrescen\u021be cutanate problematice.<\/p>\n\n\n\n<p><strong>Contracte de medic de familie<\/strong><\/p>\n\n\n\n<p>Oferim toate programele de medicin\u0103 de familie disponibile \u00een Baden-W\u00fcrttemberg. Avantajele dumneavoastr\u0103:<\/p>\n\n\n\n<ol class=\"wp-block-list\">\n<li><strong>\u00cengrijire coordonat\u0103 prin medicul de familie<\/strong><br>Medicul de familie ac\u021bioneaz\u0103 ca punct de contact central \u0219i coordoneaz\u0103 toate m\u0103surile medicale. Aceasta duce la o mai bun\u0103 colaborare \u00eentre medicii de familie \u0219i speciali\u0219ti \u0219i la un tratament mai eficient.<\/li>\n\n\n\n<li><strong>Evitarea investiga\u021biilor inutile<\/strong><br>Prin coordonarea central\u0103 se evit\u0103 investiga\u021biile duble \u0219i intern\u0103rile nejustificate, ceea ce reduce povara asupra pacien\u021bilor.<\/li>\n\n\n\n<li><strong>\u00cengrijire \u00eembun\u0103t\u0103\u021bit\u0103 pentru pacien\u021bii cu boli cronice<\/strong><br>Pacien\u021bii cronici beneficiaz\u0103 de o \u00eengrijire structurat\u0103 \u0219i continu\u0103, care, conform studiilor, reduce complica\u021biile \u0219i cre\u0219te speran\u021ba de via\u021b\u0103.<\/li>\n\n\n\n<li><strong>Servicii suplimentare extinse<\/strong><br>Participan\u021bii la programul de medic de familie au acces la servicii de preven\u021bie extinse, cum ar fi controale de s\u0103n\u0103tate mai frecvente \u0219i programe speciale pentru anumite boli.<\/li>\n\n\n\n<li><strong>Acces mai bun la servicii medicale<\/strong><br>Multe cabinete de medicin\u0103 de familie ofer\u0103, \u00een cadrul programului HZV, ore suplimentare de consulta\u021bii, de exemplu seara sau \u00een weekend, pentru a asigura o \u00eengrijire mai flexibil\u0103.<\/li>\n\n\n\n<li><strong>Calitate superioar\u0103 prin formare continu\u0103<\/strong><br>Medicii de familie care particip\u0103 la HZV se angajeaz\u0103 s\u0103 urmeze cursuri de perfec\u021bionare regulate \u0219i s\u0103 participe la cercuri de calitate, ceea ce duce la o \u00eembun\u0103t\u0103\u021bire continu\u0103 a calit\u0103\u021bii tratamentului.<\/li>\n\n\n\n<li><strong>Participare gratuit\u0103<\/strong><br>Participarea la programul de medic de familie este voluntar\u0103 \u0219i gratuit\u0103 pentru pacien\u021bi. Alege\u021bi un medic de familie fix care v\u0103 va \u00eengriji pentru cel pu\u021bin un an.<\/li>\n<\/ol>\n","protected":false},"excerpt":{"rendered":"<p>Echipamente medicale Software modern de cabinet \u0219i mijloace de comunicare Cu T2MED suntem \u00een pas cu toate dezvolt\u0103rile moderne. Beneficia\u021bi de programarea online a consulta\u021biilor, comunicare \u0219i acces la dosarul dumneavoastr\u0103 medical prin aplica\u021bia pentru smartphone PAT-MED, precum \u0219i de posibilitatea comunic\u0103rii prin email securizat folosind criptare PGP sau S\/MIME. Chirurgie minor\u0103 \u00cendep\u0103rt\u0103m aluni\u021be suspecte [&hellip;]<\/p>\n","protected":false},"author":1,"featured_media":0,"parent":0,"menu_order":0,"comment_status":"closed","ping_status":"closed","template":"","meta":{"footnotes":""},"class_list":["post-49","page","type-page","status-publish","hentry"],"_links":{"self":[{"href":"https:\/\/sibilski.de\/ro\/wp-json\/wp\/v2\/pages\/49","targetHints":{"allow":["GET"]}}],"collection":[{"href":"https:\/\/sibilski.de\/ro\/wp-json\/wp\/v2\/pages"}],"about":[{"href":"https:\/\/sibilski.de\/ro\/wp-json\/wp\/v2\/types\/page"}],"author":[{"embeddable":true,"href":"https:\/\/sibilski.de\/ro\/wp-json\/wp\/v2\/users\/1"}],"replies":[{"embeddable":true,"href":"https:\/\/sibilski.de\/ro\/wp-json\/wp\/v2\/comments?post=49"}],"version-history":[{"count":2,"href":"https:\/\/sibilski.de\/ro\/wp-json\/wp\/v2\/pages\/49\/revisions"}],"predecessor-version":[{"id":87,"href":"https:\/\/sibilski.de\/ro\/wp-json\/wp\/v2\/pages\/49\/revisions\/87"}],"wp:attachment":[{"href":"https:\/\/sibilski.de\/ro\/wp-json\/wp\/v2\/media?parent=49"}],"curies":[{"name":"wp","href":"https:\/\/api.w.org\/{rel}","templated":true}]}}