{"id":36,"date":"2025-04-15T21:46:46","date_gmt":"2025-04-15T19:46:46","guid":{"rendered":"https:\/\/sibilski.de\/ro\/?page_id=36"},"modified":"2026-01-18T16:56:59","modified_gmt":"2026-01-18T15:56:59","slug":"start","status":"publish","type":"page","link":"https:\/\/sibilski.de\/ro\/","title":{"rendered":"Cabinet medical de familie Christian Sibilski"},"content":{"rendered":"\n<p><strong>Echipa amabil\u0103 a cabinetului ofer\u0103 \u00eengrijire medical\u0103 general\u0103 complet\u0103, sus\u021binut\u0103 de tehnologie modern\u0103 \u0219i mul\u021bi ani de experien\u021b\u0103. Medicii speciali\u0219ti \u00een medicin\u0103 general\u0103 Christian Sibilski, Dr. Barbara Schmid-Horch \u0219i Dr. Andrea Podmaniczky v\u0103 a\u0219teapt\u0103 cu drag.<\/strong><\/p>\n\n\n\n<hr class=\"wp-block-separator has-alpha-channel-opacity\"\/>\n\n\n\n<h2 class=\"wp-block-heading\"><strong>Aici ne g\u0103si\u021bi:<\/strong><\/h2>\n\n\n\n<p>Gartenstr. 2<br>72829 Engstingen<br>Telefon: 07129\/932923<br>Fax: 07129\/932989<br>Telefon de urgen\u021b\u0103 (doar \u00een pauza de pr\u00e2nz): 0151\/46120843<\/p>\n\n\n\n<h2 class=\"wp-block-heading\"><strong>Email:<\/strong><\/h2>\n\n\n\n<p><a href=\"mailto:praxis@hasibilski.de\">praxis@hasibilski.de<\/a><br><a href=\"mailto:rezept@hasibilski.de\">rezept@hasibilski.de<\/a><br><a href=\"https:\/\/sibilski.de\/ro\/formular-de-contact\/\" data-type=\"page\" data-id=\"24\">Formular<\/a> de contact pentru mesaje criptate<\/p>\n\n\n\n<h2 class=\"wp-block-heading\"><strong><a href=\"https:\/\/www.termin-patmed.de\/p\/hasibilski-online\" data-type=\"link\" data-id=\"https:\/\/www.termin-patmed.de\/p\/hasibilski-online\" target=\"_blank\" rel=\"noreferrer noopener\">Program\u0103ri online:<\/a><\/strong><\/h2>\n\n\n\n<p>Program\u0103ri standard, precum \u0219i consulta\u021bii video pot fi rezervate online cu o zi \u00eenainte.<\/p>\n\n\n\n<h2 class=\"wp-block-heading\"><strong>Disponibilitate telefonic\u0103:<\/strong><\/h2>\n\n\n\n<figure class=\"wp-block-table\"><table class=\"has-fixed-layout\"><tbody><tr><td>Luni \u2013 Vineri<\/td><td>07:30 \u2013 12:00<\/td><\/tr><tr><td>Luni, Mar\u021bi, Miercuri, Vineri: <\/td><td>15:00 \u2013 18:00<\/td><\/tr><tr><td>Joi dup\u0103-amiaz\u0103<\/td><td>\u00eenchis<\/td><\/tr><\/tbody><\/table><\/figure>\n\n\n\n<h2 class=\"wp-block-heading\"><br><strong>Program consulta\u021bii:<\/strong><\/h2>\n\n\n\n<figure class=\"wp-block-table\"><table class=\"has-fixed-layout\"><tbody><tr><td>Luni \u2013 Vineri<\/td><td>consulta\u021bii f\u0103r\u0103 programare \u00eentre 08:30 \u2013 12:00<\/td><\/tr><tr><td>Luni, Mar\u021bi, Miercuri, Vineri<\/td><td>consulta\u021bii cu programare \u00eentre 15:00 \u2013 18:00<\/td><\/tr><tr><td>Consulta\u021bii de sear\u0103 pentru pacien\u021bii \u00eenscri\u0219i \u00een programul medicului de familie<\/td><td>Luni 18:00 \u2013 19:00<\/td><\/tr><\/tbody><\/table><\/figure>\n\n\n\n<p>\u00cen pauza de pr\u00e2nz, \u00eentre 12:00 \u2013 15:00, cabinetul este \u00eenchis. \u00cen cazuri de urgen\u021b\u0103 pute\u021bi contacta un medic prin telefonul de urgen\u021b\u0103.<\/p>\n\n\n\n<h2 class=\"wp-block-heading\"><strong>Programul de func\u021bionare al cabinetului:<\/strong><\/h2>\n\n\n\n<figure class=\"wp-block-table\"><table class=\"has-fixed-layout\"><tbody><tr><td>Luni, Miercuri, Joi, Vineri<\/td><td>08:00 \u2013 12:00 \u0219i 15:00 \u2013 18:00<\/td><\/tr><tr><td>Mar\u021bi<\/td><td>07:30 \u2013 12:00 \u0219i 15:00 \u2013 18:00<\/td><\/tr><tr><td>Joi dup\u0103-amiaz\u0103<\/td><td>\u00eenchis<\/td><\/tr><\/tbody><\/table><\/figure>\n\n\n\n<h2 class=\"wp-block-heading\"><strong>Anun\u021buri importante:<\/strong><\/h2>\n\n\n\n<p>Cabinetul este \u00eenchis dup\u0103 Pa\u0219te, de mar\u021bi, 07.04.2026, p\u00e2n\u0103 vineri, 10.04.2026. Suntem reprezenta\u021bi de cabinetul Dr. Heyer, Walliser, Schwarzer, Lange Str. 1, Gro\u00dfengstingen (Tel. 07129 \/ 938 373).<\/p>\n","protected":false},"excerpt":{"rendered":"<p>Echipa amabil\u0103 a cabinetului ofer\u0103 \u00eengrijire medical\u0103 general\u0103 complet\u0103, sus\u021binut\u0103 de tehnologie modern\u0103 \u0219i mul\u021bi ani de experien\u021b\u0103. Medicii speciali\u0219ti \u00een medicin\u0103 general\u0103 Christian Sibilski, Dr. Barbara Schmid-Horch \u0219i Dr. Andrea Podmaniczky v\u0103 a\u0219teapt\u0103 cu drag. Aici ne g\u0103si\u021bi: Gartenstr. 272829 EngstingenTelefon: 07129\/932923Fax: 07129\/932989Telefon de urgen\u021b\u0103 (doar \u00een pauza de pr\u00e2nz): 0151\/46120843 Email: praxis@hasibilski.derezept@hasibilski.deFormular de [&hellip;]<\/p>\n","protected":false},"author":1,"featured_media":0,"parent":0,"menu_order":0,"comment_status":"closed","ping_status":"closed","template":"","meta":{"footnotes":""},"class_list":["post-36","page","type-page","status-publish","hentry"],"_links":{"self":[{"href":"https:\/\/sibilski.de\/ro\/wp-json\/wp\/v2\/pages\/36","targetHints":{"allow":["GET"]}}],"collection":[{"href":"https:\/\/sibilski.de\/ro\/wp-json\/wp\/v2\/pages"}],"about":[{"href":"https:\/\/sibilski.de\/ro\/wp-json\/wp\/v2\/types\/page"}],"author":[{"embeddable":true,"href":"https:\/\/sibilski.de\/ro\/wp-json\/wp\/v2\/users\/1"}],"replies":[{"embeddable":true,"href":"https:\/\/sibilski.de\/ro\/wp-json\/wp\/v2\/comments?post=36"}],"version-history":[{"count":13,"href":"https:\/\/sibilski.de\/ro\/wp-json\/wp\/v2\/pages\/36\/revisions"}],"predecessor-version":[{"id":123,"href":"https:\/\/sibilski.de\/ro\/wp-json\/wp\/v2\/pages\/36\/revisions\/123"}],"wp:attachment":[{"href":"https:\/\/sibilski.de\/ro\/wp-json\/wp\/v2\/media?parent=36"}],"curies":[{"name":"wp","href":"https:\/\/api.w.org\/{rel}","templated":true}]}}