{"id":24,"date":"2025-04-15T18:13:37","date_gmt":"2025-04-15T16:13:37","guid":{"rendered":"https:\/\/sibilski.de\/ro\/?page_id=24"},"modified":"2025-04-22T17:53:45","modified_gmt":"2025-04-22T15:53:45","slug":"formular-de-contact","status":"publish","type":"page","link":"https:\/\/sibilski.de\/ro\/formular-de-contact\/","title":{"rendered":"Formular de contact"},"content":{"rendered":"\n<p>Scrie\u021bi-ne preocuparea dumneavoastr\u0103 \u00een formular, iar noi o vom transmite mai departe \u00een mod criptat.<\/p>\n\n\n\n<p>Prin ap\u0103sarea butonului <strong>\u201eTrimite mesaj\u201d<\/strong>, datele introduse de dumneavoastr\u0103 vor fi prelucrate exclusiv pentru a r\u0103spunde solicit\u0103rii dumneavoastr\u0103. Pentru detalii suplimentare, v\u0103 rug\u0103m s\u0103 consulta\u021bi <a href=\"https:\/\/sibilski.de\/ro\/declaratie-de-protectie-a-datelor\/\" data-type=\"page\" data-id=\"55\">Declara\u021bie de protec\u021bie a datelor<\/a> (Formulare).<\/p>\n\n\n\n<!-- wp2pgpmail - Begin -->\n<script type=\"text\/javascript\"> \n\nvar keytyp = 1;\nvar keyid  = '7e3fd11ff1ef6e88';\nvar pubkey = 'EADOcw+ozWnR5qHKbvahqVafl7rGRRx0PMPjrDItptTl67WYy\/T6+VIYGR0jUWFcScUrEkn32EabZ85L52kTzZq8HTmV1i21wDGlUjp8kwV5j+fQcW5NMmdWy7ASiq6MBoJg0P4uIigIBjbwDMTUbltJSVeac9\/iI6NhXNDlKWhm3EYPWSKpZTg6v7bhI69\/ugQu7CBOuzlX6nl+k506mr+a5SvPA7OTd\/jahcFC30BBiNuiJIsy6Z7VikZCpTT1HDOVK2346GwvUdhQ9d6KV\/\/hi3dG9RM+\/5xVrRcUt1NgIND+WvTjZ2kanNyGu1QR6vnUXKtYJpOHKRJM6NkLA1J\/5qlaAPNNe2Ersv5xQcHJ0vkKt4pUmOROlf9+ZNy5rFl0YS06PLyH9H12ox49lIF66k7fMwBNWUlkwPXmhXTjs+I1IJNeSIkscRhCge9JnP\/mOT8MM05Iiwr6Dl7tp+fx5IvImBCZUh4qXByIUlvqXFIBDVBfR7ae9W7N1eJMXhydYFMJh+ZDCaXlJs8tPh6t5dyIDfLYie78jcoYtX4RbrGlYTTxzWwQSv7x7s95JmvP3Xo4x64oCATkxNiJhuoktr2S5Fn6NCaTixDwKYPnoC34ogtbhK3Y2zHRr20LGyHuMB9J87o5OqilxGpl1fmErPCxLyUQDwX7WJ8hV6xo0QARAQAB';\n \nfunction getkey() {\n\tvar pu=new getPublicKey(document.s.pubkey.value);\n\tif(pu.vers == -1) return;\n\n\tdocument.s.vers.value=pu.vers;\n\tdocument.s.user.value=pu.user;\n\tdocument.s.keyid.value=pu.keyid;\n\n\tpubkey = pu.pkey.replace(\/\\\\n\/g,'');\n\tdocument.s.pkey.value=pubkey;\n\tdocument.s.pktype.value=pu.type;\n}\n \n\nfunction encrypt() {\n\t\n\tif ( document.t.message_from_name.value == \"\" || document.t.message_from_mail.value == \"\" || document.t.message_body.value == \"\" ) {\n\t\talert(\"A field has not been completed. Thank you to complete in order to validate the form.\");\n\t\treturn false;\n\t}\n\t\n\tvar reg = new RegExp('^[a-z0-9]+([_|\\.|-]{1}[a-z0-9]+)*@[a-z0-9]+([_|\\.|-]{1}[a-z0-9]+)*[\\.]{1}[a-z]{2,6}$', 'i');\n\tif(!reg.test(document.t.message_from_mail.value)) {\n\t\talert(\"The email address you typed is incorrect.\");\n\t\treturn false;\n\t}\n\t\n\tdocument.t.message_from_name.readOnly=true;\n\tdocument.t.message_from_mail.readOnly=true;\n\tdocument.t.message_body.readOnly=true;\n\tdocument.t.message.value = \"Name : \" + document.t.message_from_name.value + \"\\n\" + \"E-mail Address : \" + document.t.message_from_mail.value + \"\\n\" + \"Message : \" + document.t.message_body.value + \"\\n\\n\";\n\tdocument.t.message.value += \"IP Address : \" + \"DATA NOT COLLECTED BY POLICY\" + \"\\n\\n\";\n\tdocument.t.message.value += \"This message has been sent from your website https:\/\/sibilski.de\/ro\/formular-de-contact\/ and has been encrypted using wp2pgpmail.\" + \"\\n\\n\" + \"https:\/\/wp2pgpmail.com\/\";\n\tdocument.t.bouton_envoi.disabled=false;\n\tdocument.t.encrypter.disabled=true;\n\t\n\tkeyid=\"7e3fd11ff1ef6e88\";\n\tif(document.s.keyid.value.length) keyid=document.s.keyid.value;\n\tif(keyid.length != 16) {\n\t\talert('Invalid Key Id');\n\t\treturn;\n\t}\n\n\tkeytyp = 1;\n\tif(document.s.pktype.value == 'ELGAMAL') keytyp = 1;\n\tif(document.s.pktype.value == 'RSA')     keytyp = 0;\n\tif(keytyp == -1) {\n\t\talert('Unsupported Key Type');\n\t\treturn;\n\t}\n\n\tvar startTime=new Date();\n\n\tvar text=document.t.text.value+'\\r\\n';\n\tif ( keytyp == 0 ) {\n\t\tvar openpgp = window.openpgp;\n\t\t(async () => {\n\t\t\tawait openpgp.initWorker({ path: 'https:\/\/sibilski.de\/ro\/wp-content\/plugins\/js\/openpgp.worker.min.js' }); \/\/ set the relative web worker path\n\t\t\tconst publicKeyArmored = document.s.pubkey.value;\n\t\t\tconst { data: encrypted } = await openpgp.encrypt({\n\t\t\t\tmessage: openpgp.message.fromText( document.t.text.value ),\n\t\t\t\tpublicKeys: (await openpgp.key.readArmored(publicKeyArmored)).keys,\n\t\t\t});\n\t\t\tdocument.t.text.value = encrypted;\n\t\t})();\n\t} else {\n\t\tdocument.t.text.value=doEncrypt(keyid, keytyp, pubkey, text);\n\t}\n\n\tvar endTime=new Date();\n\tdocument.t.howLong.value=(endTime.getTime()-startTime.getTime())\/1000.0;\n\n\tdocument.t.message_from_name.value=\"-- \"+\"encrypted data\"+\" --\";\n\tdocument.t.message_from_mail.value=\"-- \"+\"encrypted data\"+\" --\";\n\tdocument.t.message_body.value=\"-- \"+\"encrypted data\"+\" --\";\n\n\treturn true;\n}\n\n\nfunction recommencer() {\n\tdocument.t.message_from_name.readOnly=false;\n\tdocument.t.message_from_mail.readOnly=false;\n\tdocument.t.message_body.readOnly=false;\n\tdocument.t.bouton_envoi.disabled=true;\n\tdocument.t.encrypter.disabled=false;\n}\n<\/script> \n<form name=\"t\" action=\"https:\/\/sibilski.de\/ro\/formular-de-contact\/\" method=\"post\">\n\t\t\t\t<table style=\"border-width: 0px;\">\n\t\t\t\t\t<tr>\n\t\t\t\t\t\t<td style=\"border-width: 0px;\">Your Name :<\/td>\n\t\t\t\t\t\t<td style=\"border-width: 0px;\"><input type=\"text\" name=\"message_from_name\" id=\"message_from_name\" value=\"\" size=\"34\" \/><\/td>\n\t\t\t\t\t<\/tr>\n\t\t\t\t\t<tr>\n\t\t\t\t\t\t<td style=\"border-width: 0px;\">Your E-mail Address :<\/td>\n\t\t\t\t\t\t<td style=\"border-width: 0px;\"><input type=\"text\" name=\"message_from_mail\" id=\"message_from_mail\" value=\"\" size=\"34\" \/><\/td>\n\t\t\t\t\t<\/tr>\n\t\t\t\t<\/table>\n\t\t\t\tYour Message :<br \/>\n\t\t\t\t<textarea name=\"message_body\" id=\"message_body\" value=\"\" rows=\"15\" cols=\"50\"><\/textarea>\n\t\t\t\t<br \/>\n\t\t\t\t<input type=\"hidden\" name=\"text\" id=\"message\" \/>\n\t\t\t\t<input type=\"hidden\" name=\"howLong\" \/>\n\t\t\t\t<input type=\"hidden\" name=\"submitted\" id=\"submitted\" value=\"true\" \/>\n\t\t\t\t<br \/> \n\t\t\t\t<table style=\"border-width: 0px;\">\n\t\t\t\t\t<tr>\n\t\t\t\t\t\t<td style=\"border-width: 0px;\"><input onclick=\"encrypt();\" type=\"button\" value=\"Encrypt Message\" id=\"encrypter\"><\/td>\n\t\t\t\t\t\t<td style=\"border-width: 0px;\"><input onclick=\"recommencer();\" type=\"reset\" value=\"Reset\"><\/td>\n\t\t\t\t\t<\/tr>\n\t\t\t\t\t<tr>\n\t\t\t\t\t\t<td colspan=\"2\" style=\"border-width: 0px;\">\t\t\t<input type=\"submit\" name=\"submit\" id=\"bouton_envoi\" value=\"Send\" \/><\/td>\n\t\t\t\t\t<\/tr>\n\t\t\t\t\t\t\n\t\t\t\t<\/table>\n\n\n<\/form>\n\n<script type=\"text\/javascript\"> \ndocument.t.bouton_envoi.disabled=true;\n<\/script>\n<form name=\"s\">\n\t<input type=\"hidden\" name=\"pubkey\" value=\"-----BEGIN PGP PUBLIC KEY BLOCK-----\r\nComment: Benutzer-ID:\tChristian Sibilski <christian@sibilski.de>\r\nComment: G\u00fcltig seit:\t23.11.2024 22:15\r\nComment: G\u00fcltig bis:\t23.11.2027 22:15\r\nComment: Typ:\t4.096-bit RSA (geheimer Schl\u00fcssel verf\u00fcgbar)\r\nComment: Verwendung:\tSignieren, Verschl\u00fcsselung, Benutzerkennungen beglaubigen\r\nComment: Fingerabdruck:\tE5E7F1DB542DEFB17F47265AF89FEFCFFC70B709\r\n\r\n\r\nmQINBGdCRgMBEAC4Wm2p+asx26+5hZwL3h8LvDrWAMPQInbI7DbJRpNsyptEU3sF\r\n1CTZnJqdQFyFDcdTn9swUT5RXsNyCgWJRHLSFH0xGIlPd\/AdTR4ypBM8rmJ5gOE8\r\nTTxyP5aqboH4rY2gwTi0SCYYy2v48Q9Gw+b2PecxfcpPIoyvDHzyPJEB1\/QbZBAh\r\nAbgKTIIbsJKN5icWRuXncH0juB6YEyufawrqzOUMyfvUU5cX6wbCg66uUxFmCnxz\r\nnAKzUoHcnR06H5X\/wLLIR7tZ1BpaT27Tb5KwwiXNxIvF19qdpAx7KTAMKJoX7JGg\r\nh8zn\/B6mj7MWDe7OrljJF3LoCLD3IkXqEzxBG4WVBcIPCFCbOjg5QOj89mfgyYEw\r\n5+oCki5+mzYFiBgD8ztDVLn9NYO7zAJsdYReyCz9D8NtE8wYbRTGDC\/HfPDd28mg\r\nKGAzshgUvpoDRrb6yeVIwSNut0Tu7dWLk8XtLmsMg3OjMO+q\/UsMkt+mILYLXp6q\r\nSXFeMw3kTnUwbK4jfM0nzp5Nr6p8R1i0Gt1AI58RdOryfgHRQ2MZC3kCRr8vQd4f\r\ng2E4nxbyAtzIpf3v5Y19Eg93yXe8seIZNX\/nIe3CHxLHqV8FvuFx1B4kgPsLcTgh\r\nbh1sVP5Ji3yyjErlClIqf9IUHP\/thOUQ02tTILX1eEKFN3kvyLr4e4jEfwARAQAB\r\ntCpDaHJpc3RpYW4gU2liaWxza2kgPGNocmlzdGlhbkBzaWJpbHNraS5kZT6JAk0E\r\nEwEIADcWIQTl5\/HbVC3vsX9HJlr4n+\/P\/HC3CQUCZ0JGBgUJBaOagAIbAwQLCQgH\r\nBRUICQoLBRYCAwEAAAoJEPif78\/8cLcJSxwP\/jO80r\/Cm9z87amA8yZJrs9rB7lG\r\nmZ\/\/cQ7TGcgK7OMWmErliwVPzgK5qiGU81pb4tosFYFNEzWI44ZImZPP5Y\/SjNZ0\r\nu14YJJcP4vu0E3cDQQqaaqg8cW\/7Af0RiXjXghFkX6cEm\/DPCDiuT8gp7m1xBeND\r\np61T3yzP\/8yPVL91OeculTTCduFj9UOdIauNFo2ujUvJpbgi6S9D+G4d\/ZJZKHju\r\n0ZBVh\/qv+hjoahaAY18LnZUalnV34UvfMYtAOvfeXWRM0QLMtb5VJPfNeSjzLQdX\r\nav7rzStbWgreQOK68+MaPc97TB1xt6ko8fuzkl+UuobYLC\/9DBWcpwRQE32DJgwq\r\nAahvMiY80SRYpTXK9VrP6FHLpYZZtgWyynNHE2nDtyAFUf6NCUacGBR401Svyz7K\r\nCVTkk\/cC7HaLu1vzjvPaR2sKad5RqtSAQFYs4meSi7sBEjG42JHngio5fp3uwLcf\r\n8qd46qnVNl7koXiRDSk9FK14Z053vbf+R3DGzfftsnI6m799X9tuw3+1KayAvLSb\r\nXqwl1HAFRMThIa+dIU4z41I3osLYwVrrRF5oxtuEFPYXDzcjUdvLyHKNnh+Y8Ic7\r\nM1WQMMHTBQJjNAIR8gCmGpmQI06zbjYZre1tM88xgOd1G6sS5MkqQdzpG+fK9Nac\r\n5kBXkYSgPUq3kyMquQINBGdCRgYBEADOcw+ozWnR5qHKbvahqVafl7rGRRx0PMPj\r\nrDItptTl67WYy\/T6+VIYGR0jUWFcScUrEkn32EabZ85L52kTzZq8HTmV1i21wDGl\r\nUjp8kwV5j+fQcW5NMmdWy7ASiq6MBoJg0P4uIigIBjbwDMTUbltJSVeac9\/iI6Nh\r\nXNDlKWhm3EYPWSKpZTg6v7bhI69\/ugQu7CBOuzlX6nl+k506mr+a5SvPA7OTd\/ja\r\nhcFC30BBiNuiJIsy6Z7VikZCpTT1HDOVK2346GwvUdhQ9d6KV\/\/hi3dG9RM+\/5xV\r\nrRcUt1NgIND+WvTjZ2kanNyGu1QR6vnUXKtYJpOHKRJM6NkLA1J\/5qlaAPNNe2Er\r\nsv5xQcHJ0vkKt4pUmOROlf9+ZNy5rFl0YS06PLyH9H12ox49lIF66k7fMwBNWUlk\r\nwPXmhXTjs+I1IJNeSIkscRhCge9JnP\/mOT8MM05Iiwr6Dl7tp+fx5IvImBCZUh4q\r\nXByIUlvqXFIBDVBfR7ae9W7N1eJMXhydYFMJh+ZDCaXlJs8tPh6t5dyIDfLYie78\r\njcoYtX4RbrGlYTTxzWwQSv7x7s95JmvP3Xo4x64oCATkxNiJhuoktr2S5Fn6NCaT\r\nixDwKYPnoC34ogtbhK3Y2zHRr20LGyHuMB9J87o5OqilxGpl1fmErPCxLyUQDwX7\r\nWJ8hV6xo0QARAQABiQI8BBgBCAAmFiEE5efx21Qt77F\/RyZa+J\/vz\/xwtwkFAmdC\r\nRggFCQWjmoACGwwACgkQ+J\/vz\/xwtwkPxQ\/8C0c0Oqr5W6DYxOcCQBJ+kmuB3Dnr\r\n1hgSPSB20lTkaEyaSAOn2X3yDkjKtGq8YaALzvRT4nEKl5DXGYEovYOmjtOsN1Ln\r\nl9OvxzxOpQmI09E89ylK8iQmkJ5t8panyPtvsrPG0RbcNk9MXYHLjSfTtjfuXHde\r\nDZFSADUkBD440oqGg6AyyBy3xdaHSqAWKAI\/lcT7drGsXeHEk0FbnDHYFobxmyBB\r\nf5u2BmFJAp9n+Je\/gilG5M8t1SDRf9NzYd3E604ZG\/vcCmTWNG5NCryM1E3nIUoC\r\nMK4ueFLuHo1xY3enA5rhIe33OOWW4Nwt+jEjHz44Tn3wP4J\/bHe3NyPlXPNtpgPh\r\nK+kgwlLklnEvW3bPfLO3HBcHfevxwB5nmv\/15vcXiZiCu9X8CfkFrD6k2UJZ9Bcy\r\nyK3EuBJNMLRpxDYp\/t\/8oVwvpm3UpgIUFO\/poVF9MNKA9dSm4H\/2YbWsqw9\/9Kjm\r\nGFpyXn+28tL565eMXlqLe+oxWYGTxfoEpmiMzAaMpOBttPN6JB90Qy27F2gRGF6K\r\nTzmZ5Vnoo1aJjRF+Rcnxfe9czEl3fiYOJJTE8AfVQOd29Iw72vj58j3OoW9aIcN9\r\npIHNSw+QrJEFcpEzTeS3oYfCcTNgd0G6TUdQJgQ4tiYSulRLR7+QgBnaJ0uHD5qR\r\n1HHSoATKFPMycvg=\r\n=XhMb\r\n-----END PGP PUBLIC KEY BLOCK-----\" \/>\n\t<input type=\"hidden\" name=\"vers\" value=\"4\" \/>\n\t<input type=\"hidden\" name=\"keyid\" value=\"7e3fd11ff1ef6e88\" \/>\n\t<input type=\"hidden\" name=\"pktype\" value=\"RSA\" \/>\n\t<input type=\"hidden\" name=\"pkey\" value=\"EADOcw+ozWnR5qHKbvahqVafl7rGRRx0PMPjrDItptTl67WYy\/T6+VIYGR0jUWFcScUrEkn32EabZ85L52kTzZq8HTmV1i21wDGlUjp8kwV5j+fQcW5NMmdWy7ASiq6MBoJg0P4uIigIBjbwDMTUbltJSVeac9\/iI6NhXNDlKWhm3EYPWSKpZTg6v7bhI69\/ugQu7CBOuzlX6nl+k506mr+a5SvPA7OTd\/jahcFC30BBiNuiJIsy6Z7VikZCpTT1HDOVK2346GwvUdhQ9d6KV\/\/hi3dG9RM+\/5xVrRcUt1NgIND+WvTjZ2kanNyGu1QR6vnUXKtYJpOHKRJM6NkLA1J\/5qlaAPNNe2Ersv5xQcHJ0vkKt4pUmOROlf9+ZNy5rFl0YS06PLyH9H12ox49lIF66k7fMwBNWUlkwPXmhXTjs+I1IJNeSIkscRhCge9JnP\/mOT8MM05Iiwr6Dl7tp+fx5IvImBCZUh4qXByIUlvqXFIBDVBfR7ae9W7N1eJMXhydYFMJh+ZDCaXlJs8tPh6t5dyIDfLYie78jcoYtX4RbrGlYTTxzWwQSv7x7s95JmvP3Xo4x64oCATkxNiJhuoktr2S5Fn6NCaTixDwKYPnoC34ogtbhK3Y2zHRr20LGyHuMB9J87o5OqilxGpl1fmErPCxLyUQDwX7WJ8hV6xo0QARAQAB\" \/>\n<\/form>\n<!-- wp2pgpmail - End -->\n","protected":false},"excerpt":{"rendered":"<p>Scrie\u021bi-ne preocuparea dumneavoastr\u0103 \u00een formular, iar noi o vom transmite mai departe \u00een mod criptat. Prin ap\u0103sarea butonului \u201eTrimite mesaj\u201d, datele introduse de dumneavoastr\u0103 vor fi prelucrate exclusiv pentru a r\u0103spunde solicit\u0103rii dumneavoastr\u0103. Pentru detalii suplimentare, v\u0103 rug\u0103m s\u0103 consulta\u021bi Declara\u021bie de protec\u021bie a datelor (Formulare).<\/p>\n","protected":false},"author":1,"featured_media":0,"parent":0,"menu_order":0,"comment_status":"closed","ping_status":"closed","template":"","meta":{"footnotes":""},"class_list":["post-24","page","type-page","status-publish","hentry"],"_links":{"self":[{"href":"https:\/\/sibilski.de\/ro\/wp-json\/wp\/v2\/pages\/24","targetHints":{"allow":["GET"]}}],"collection":[{"href":"https:\/\/sibilski.de\/ro\/wp-json\/wp\/v2\/pages"}],"about":[{"href":"https:\/\/sibilski.de\/ro\/wp-json\/wp\/v2\/types\/page"}],"author":[{"embeddable":true,"href":"https:\/\/sibilski.de\/ro\/wp-json\/wp\/v2\/users\/1"}],"replies":[{"embeddable":true,"href":"https:\/\/sibilski.de\/ro\/wp-json\/wp\/v2\/comments?post=24"}],"version-history":[{"count":6,"href":"https:\/\/sibilski.de\/ro\/wp-json\/wp\/v2\/pages\/24\/revisions"}],"predecessor-version":[{"id":85,"href":"https:\/\/sibilski.de\/ro\/wp-json\/wp\/v2\/pages\/24\/revisions\/85"}],"wp:attachment":[{"href":"https:\/\/sibilski.de\/ro\/wp-json\/wp\/v2\/media?parent=24"}],"curies":[{"name":"wp","href":"https:\/\/api.w.org\/{rel}","templated":true}]}}