{"id":16,"date":"2025-04-15T17:47:40","date_gmt":"2025-04-15T15:47:40","guid":{"rendered":"https:\/\/sibilski.de\/ro\/?page_id=16"},"modified":"2025-04-22T17:54:03","modified_gmt":"2025-04-22T15:54:03","slug":"impressum","status":"publish","type":"page","link":"https:\/\/sibilski.de\/ro\/impressum\/","title":{"rendered":"Impressum"},"content":{"rendered":"\n<p>Furnizor de servicii \u0219i responsabil pentru con\u021binut:<br><strong>Christian Sibilski<\/strong><br>Medic specialist \u00een medicin\u0103 general\u0103, medic de contract<br>Gartenstr. 2<br>72829 Engstingen<br>Germania<br>Tel: +49 7129 932923<br>Fax: +49 7129 932989<br>E-mail: <a href=\"mailto:praxis@hasibilski.de\">praxis@hasibilski.de<\/a><\/p>\n\n\n\n<p><strong>Titlu profesional:<\/strong><br>Medic, cu drept de liber\u0103 practic\u0103 ob\u021binut \u00een Baden-W\u00fcrttemberg, Germania<\/p>\n\n\n\n<p><strong>Camera medical\u0103 competent\u0103:<\/strong><br>Camera Medicilor din Baden-W\u00fcrttemberg<br>Jahnstr. 40, 70597 Stuttgart, Germania<\/p>\n\n\n\n<p><strong>Casa de asigur\u0103ri de s\u0103n\u0103tate competent\u0103:<\/strong><br>Asocia\u021bia Medicilor Asigura\u021bi din Baden-W\u00fcrttemberg<br>Albstadtweg 11, 70567 Stuttgart<\/p>\n\n\n\n<p><strong>Autoritatea de supraveghere competent\u0103:<\/strong><br>Ministerul pentru Afaceri Sociale \u0219i Integrare din Baden-W\u00fcrttemberg<br>Schelling Str. 15, 70174 Stuttgart<\/p>\n\n\n\n<p><strong>Reglement\u0103ri profesionale:<\/strong><br>Codul de conduit\u0103 profesional\u0103 al Camerei Medicilor din Baden-W\u00fcrttemberg \u2013 vezi <a href=\"http:\/\/www.aerztekammer-bw.de\/\">http:\/\/www.aerztekammer-bw.de<\/a><\/p>\n","protected":false},"excerpt":{"rendered":"<p>Furnizor de servicii \u0219i responsabil pentru con\u021binut:Christian SibilskiMedic specialist \u00een medicin\u0103 general\u0103, medic de contractGartenstr. 272829 EngstingenGermaniaTel: +49 7129 932923Fax: +49 7129 932989E-mail: praxis@hasibilski.de Titlu profesional:Medic, cu drept de liber\u0103 practic\u0103 ob\u021binut \u00een Baden-W\u00fcrttemberg, Germania Camera medical\u0103 competent\u0103:Camera Medicilor din Baden-W\u00fcrttembergJahnstr. 40, 70597 Stuttgart, Germania Casa de asigur\u0103ri de s\u0103n\u0103tate competent\u0103:Asocia\u021bia Medicilor Asigura\u021bi din Baden-W\u00fcrttembergAlbstadtweg [&hellip;]<\/p>\n","protected":false},"author":1,"featured_media":0,"parent":0,"menu_order":0,"comment_status":"closed","ping_status":"closed","template":"","meta":{"footnotes":""},"class_list":["post-16","page","type-page","status-publish","hentry"],"_links":{"self":[{"href":"https:\/\/sibilski.de\/ro\/wp-json\/wp\/v2\/pages\/16","targetHints":{"allow":["GET"]}}],"collection":[{"href":"https:\/\/sibilski.de\/ro\/wp-json\/wp\/v2\/pages"}],"about":[{"href":"https:\/\/sibilski.de\/ro\/wp-json\/wp\/v2\/types\/page"}],"author":[{"embeddable":true,"href":"https:\/\/sibilski.de\/ro\/wp-json\/wp\/v2\/users\/1"}],"replies":[{"embeddable":true,"href":"https:\/\/sibilski.de\/ro\/wp-json\/wp\/v2\/comments?post=16"}],"version-history":[{"count":3,"href":"https:\/\/sibilski.de\/ro\/wp-json\/wp\/v2\/pages\/16\/revisions"}],"predecessor-version":[{"id":86,"href":"https:\/\/sibilski.de\/ro\/wp-json\/wp\/v2\/pages\/16\/revisions\/86"}],"wp:attachment":[{"href":"https:\/\/sibilski.de\/ro\/wp-json\/wp\/v2\/media?parent=16"}],"curies":[{"name":"wp","href":"https:\/\/api.w.org\/{rel}","templated":true}]}}